{"id":1888,"date":"2025-04-30T10:26:16","date_gmt":"2025-04-30T08:26:16","guid":{"rendered":"https:\/\/familyace.cz\/sfdr-information\/"},"modified":"2026-05-06T13:39:40","modified_gmt":"2026-05-06T11:39:40","slug":"sfdr-information","status":"publish","type":"page","link":"https:\/\/familyace.cz\/en\/sfdr-information\/","title":{"rendered":"SFDR information"},"content":{"rendered":"\n<h2 class=\"wp-block-heading\">Sustainability risk policy<\/h2>\n\n<p><strong>Explanation of terms<\/strong><\/p>\n\n<figure class=\"wp-block-table\"><table class=\"has-fixed-layout\"><tbody><tr><td>ESG risks<\/td><td>Environmental, social and governance<\/td><\/tr><tr><td>Sustainability factors<\/td><td>Environmental, social and employment issues, respect for human rights and the issue of combating corruption and bribery<\/td><\/tr><tr><td>QIF<\/td><td>Qualified investor fund (QIF)<\/td><\/tr><tr><td>Regulation<\/td><td>Regulation (EU) 2019\/2088 of the European Parliament and of the Council of 27 November 2019 on sustainability-related disclosures in the financial services sector (also referred to as &#8216;SFDR&#8217;)<\/td><\/tr><tr><td>Sustainability risk<\/td><td>An environmental, social or governance event or situation that could have an actual or potential material adverse impact on the value of an investment if it occurred<\/td><\/tr><tr><td>Sustainable investment\t<\/td><td>Investment in an economic activity that contributes to environmental objectives, such as investments measured by key resource efficiency indicators on energy use, renewable energy, raw materials, water and land, waste production, greenhouse gas emissions or indicators of its impact on biodiversity and the circular economy; investments in economic activities that contribute to social objectives, particularly investments that contribute to addressing inequalities, investments that promote social cohesion, social integration and industrial relations, or investments in human capital or economically or socially disadvantaged communities, provided that such investments do not significantly harm any of the aforementioned objectives and that the companies in which the investment is made comply with sound governance practices, especially regarding sound management structures, employee relations, remuneration of employees and compliance with tax regulations<\/td><\/tr><\/tbody><\/table><\/figure>\n\n<p>This policy is developed pursuant to Art. 3, par. 1 and Art. 5, par. 1 of the Regulation, taking into account the fact that FAMILY ACE investi\u010dn\u00ed spole\u010dnost, a.s. is considered a&nbsp;financial market participant under the Regulation, which is obliged to publish information about its policies for integrating sustainability risks into its investment decision-making processes, including information on how the remuneration principles of FAMILY ACE investi\u010dn\u00ed spole\u010dnost, a.s. are consistent with the integration of sustainability risks.<\/p>\n\n<p>FAMILY ACE investi\u010dn\u00ed spole\u010dnost, a.s. offers assistance with investments and asset portfolio management of qualified investor funds as a&nbsp;controlled tool for cooperation between investors sharing a&nbsp;certain investment goal.<\/p>\n\n<p>One of the objectives of FAMILY ACE investi\u010dn\u00ed spole\u010dnost, a.s. is to create an environment for investors who care about the impact their investment will leave.<\/p>\n\n<p>FAMILY ACE investi\u010dn\u00ed spole\u010dnost, a.s. views its position as a&nbsp;significant commitment. The integration of social and environmental considerations into everyday company operations and interactions has therefore logically become a&nbsp;natural part of each of the steps that FAMILY ACE investi\u010dn\u00ed spole\u010dnost, a.s. takes in its strategy. The business strategy, values and mission of FAMILY ACE investi\u010dn\u00ed spole\u010dnost, a.s. are based on socially responsible behaviour. In this regard, FAMILY ACE investi\u010dn\u00ed spole\u010dnost, a.s. supports the idea of making sustainable financing a&nbsp;common practice, and it views transparency as an effective tool for measuring the impacts of financial products and services on sustainability, as it can help direct private investments in financial products that pursue environmentally sustainable goals.<\/p>\n\n<p>In its selection of investment instruments, FAMILY ACE investi\u010dn\u00ed spole\u010dnost, a.s. considers the fund\u2019s investment strategy and its approach to sustainability factors. The investment strategies of funds managed by FAMILY ACE investi\u010dn\u00ed spole\u010dnost, a.s. focus on different things. In addition to real estate funds, these mostly include private equity investments and investments in financial instruments, as well as renewable sources. Sustainability risks are taken into account in standard risk management, which is carried out in accordance with generally binding applicable regulations and the internal regulations of FAMILY ACE investi\u010dn\u00ed spole\u010dnost, a.s. When making investment decisions, due diligence primarily focuses on the compliance of the target companies&#8217; business with all applicable regulations. Consideration of investment parameters in the area of sustainability and ESG are incorporated into the decision-making process as part of the analysis of legal and economic risks that an individual investment may face in the future.<\/p>\n\n<p>FAMILY ACE investi\u010dn\u00ed spole\u010dnost, a.s. also focuses on the remuneration system with the aim of achieving its long-term sustainability, reflecting sector standards. Although this system does not include a&nbsp;methodology focused on specific remuneration in relation to reducing sustainability risks, it is still based on the principle of avoiding taking disproportionate investment risks and is also clearly anti-discriminatory.<\/p>\n\n<p>FAMILY ACE investi\u010dn\u00ed spole\u010dnost, a.s. does not specifically take into account the adverse impacts of investment decisions on sustainability factors, because the current primary investment strategies of the funds managed by FAMILY ACE investi\u010dn\u00ed spole\u010dnost, a.s. do not focus on investments or goals in the area of sustainability or ESG.<\/p>\n\n<p>Given the current structure of the investment portfolio of funds managed by FAMILY ACE investi\u010dn\u00ed spole\u010dnost, a.s., it does not expect that investment decisions made on behalf of the vast majority of these funds could have a&nbsp;significant impact on sustainability factors. <\/p>\n\n<p>However, FAMILY ACE investi\u010dn\u00ed spole\u010dnost, a.s. monitors sustainability risks at the ESG fund level (Articles 8 and 9 of the SFDR) and, depending on its investment strategy at the ESG fund level, it may also monitor the impacts of investment decisions made on behalf of the ESG fund on sustainability factors. Investors can find additional information on managing sustainability risks and possible monitoring of the impacts of investment decisions on sustainability factors at the ESG fund level in the statutes and other informational documents of the relevant ESG fund.<\/p>\n\n<p>Investors will be informed in advance about the further approach of FAMILY ACE investi\u010dn\u00ed spole\u010dnost, a.s. to the principles of sustainability within the investment process, as well as about changes to this policy, on the FAMILY ACE investi\u010dn\u00ed spole\u010dnost, a.s. website. This policy is revised by the board of FAMILY ACE investi\u010dn\u00ed spole\u010dnost, a.s. based on current needs.<\/p>\n\n<p>In Prague on 30\/4\/2025<\/p>\n\n<p>board of FAMILY ACE investi\u010dn\u00ed spole\u010dnost, a.s.<\/p>\n\n<h2 class=\"wp-block-heading\">Failure to take into account the adverse impacts of investment decisions on sustainability factors<\/h2>\n\n<p><strong>Declaration of the primary adverse impacts of investment decisions on sustainability factors<\/strong><\/p>\n\n<p>Failure to take into account the adverse impacts of investment decisions on sustainability factors pursuant to Regulation (EU) 2019\/2088 of the European Parliament and of the Council on sustainability-related disclosures in the financial services sector and implementing regulation (EU) 2022\/1288<\/p>\n\n<p>Declaration of FAMILY ACE investi\u010dn\u00ed spole\u010dnost, a.s., registered office Na p\u0159\u00edkop\u011b 859\/22, Nov\u00e9 M\u011bsto, 110 00 Prague 1, CRN 226 42 463, registered in the Commercial Register kept by the Municipal Court in Prague, section B, file No. 29522.<\/p>\n\n<p>FAMILY ACE investi\u010dn\u00ed spole\u010dnost, a.s. does not specifically take into account the adverse impacts of investment decisions on sustainability factors, because the current primary investment strategies of the funds managed by FAMILY ACE investi\u010dn\u00ed spole\u010dnost, a.s. do not focus on investments or goals in the area of sustainability or ESG.<\/p>\n\n<p>FAMILY ACE investi\u010dn\u00ed spole\u010dnost, a.s. will continue to monitor this area on a&nbsp;regular basis and is ready to reevaluate its current position on the issue if the relevant facts change.<\/p>\n\n<p>In Prague on 30\/4\/2025<\/p>\n\n<p>On behalf of FAMILY ACE investi\u010dn\u00ed spole\u010dnost, a.s.<\/p>\n\n<figure class=\"wp-block-image size-full\"><img loading=\"lazy\" decoding=\"async\" width=\"360\" height=\"155\" src=\"https:\/\/familyace.cz\/wp-content\/uploads\/2022\/06\/group-2706.png\" alt=\"\" class=\"wp-image-208\" srcset=\"https:\/\/familyace.cz\/wp-content\/uploads\/2022\/06\/group-2706.png 360w, https:\/\/familyace.cz\/wp-content\/uploads\/2022\/06\/group-2706-300x129.png 300w, https:\/\/familyace.cz\/wp-content\/uploads\/2022\/06\/group-2706-70x30.png 70w\" sizes=\"(max-width: 360px) 100vw, 360px\" \/><\/figure>\n\n<p>Mgr. Ing. Pavel Dole\u017eal, LL.M.<br\/>Chairman of the board<\/p>\n","protected":false},"excerpt":{"rendered":"<p>Sustainability risk policy Explanation of terms ESG risks Environmental, social and governance Sustainability factors Environmental, social and employment issues, respect &#8230;<\/p>\n","protected":false},"author":5,"featured_media":0,"parent":0,"menu_order":0,"comment_status":"closed","ping_status":"closed","template":"","meta":{"_acf_changed":false,"inline_featured_image":false,"footnotes":""},"class_list":["post-1888","page","type-page","status-publish","hentry"],"acf":[],"yoast_head":"<!-- This site is optimized with the Yoast SEO plugin v27.5 - https:\/\/yoast.com\/product\/yoast-seo-wordpress\/ -->\n<title>SFDR information - Family Ace - Investi\u010dn\u00ed spole\u010dnost<\/title>\n<meta name=\"robots\" content=\"index, follow, max-snippet:-1, max-image-preview:large, max-video-preview:-1\" \/>\n<link rel=\"canonical\" href=\"https:\/\/familyace.cz\/en\/sfdr-information\/\" \/>\n<meta property=\"og:locale\" content=\"en_US\" \/>\n<meta property=\"og:type\" content=\"article\" \/>\n<meta property=\"og:title\" content=\"SFDR information - Family Ace - Investi\u010dn\u00ed spole\u010dnost\" \/>\n<meta property=\"og:description\" content=\"Sustainability risk policy Explanation of terms ESG risks Environmental, social and governance Sustainability factors Environmental, social and employment issues, respect ...\" \/>\n<meta property=\"og:url\" content=\"https:\/\/familyace.cz\/en\/sfdr-information\/\" \/>\n<meta property=\"og:site_name\" content=\"Family Ace - Investi\u010dn\u00ed spole\u010dnost\" \/>\n<meta property=\"article:modified_time\" content=\"2026-05-06T11:39:40+00:00\" \/>\n<meta property=\"og:image\" content=\"https:\/\/familyace.cz\/wp-content\/uploads\/2022\/06\/group-2706.png\" \/>\n\t<meta property=\"og:image:width\" content=\"360\" \/>\n\t<meta property=\"og:image:height\" content=\"155\" \/>\n\t<meta property=\"og:image:type\" content=\"image\/png\" \/>\n<meta name=\"twitter:card\" content=\"summary_large_image\" \/>\n<meta name=\"twitter:label1\" content=\"Est. reading time\" \/>\n\t<meta name=\"twitter:data1\" content=\"6 minutes\" \/>\n<script type=\"application\/ld+json\" class=\"yoast-schema-graph\">{\"@context\":\"https:\\\/\\\/schema.org\",\"@graph\":[{\"@type\":\"WebPage\",\"@id\":\"https:\\\/\\\/familyace.cz\\\/en\\\/sfdr-information\\\/\",\"url\":\"https:\\\/\\\/familyace.cz\\\/en\\\/sfdr-information\\\/\",\"name\":\"SFDR information - Family Ace - Investi\u010dn\u00ed spole\u010dnost\",\"isPartOf\":{\"@id\":\"https:\\\/\\\/familyace.cz\\\/en\\\/#website\"},\"primaryImageOfPage\":{\"@id\":\"https:\\\/\\\/familyace.cz\\\/en\\\/sfdr-information\\\/#primaryimage\"},\"image\":{\"@id\":\"https:\\\/\\\/familyace.cz\\\/en\\\/sfdr-information\\\/#primaryimage\"},\"thumbnailUrl\":\"https:\\\/\\\/familyace.cz\\\/wp-content\\\/uploads\\\/2022\\\/06\\\/group-2706.png\",\"datePublished\":\"2025-04-30T08:26:16+00:00\",\"dateModified\":\"2026-05-06T11:39:40+00:00\",\"breadcrumb\":{\"@id\":\"https:\\\/\\\/familyace.cz\\\/en\\\/sfdr-information\\\/#breadcrumb\"},\"inLanguage\":\"en-US\",\"potentialAction\":[{\"@type\":\"ReadAction\",\"target\":[\"https:\\\/\\\/familyace.cz\\\/en\\\/sfdr-information\\\/\"]}]},{\"@type\":\"ImageObject\",\"inLanguage\":\"en-US\",\"@id\":\"https:\\\/\\\/familyace.cz\\\/en\\\/sfdr-information\\\/#primaryimage\",\"url\":\"https:\\\/\\\/familyace.cz\\\/wp-content\\\/uploads\\\/2022\\\/06\\\/group-2706.png\",\"contentUrl\":\"https:\\\/\\\/familyace.cz\\\/wp-content\\\/uploads\\\/2022\\\/06\\\/group-2706.png\"},{\"@type\":\"BreadcrumbList\",\"@id\":\"https:\\\/\\\/familyace.cz\\\/en\\\/sfdr-information\\\/#breadcrumb\",\"itemListElement\":[{\"@type\":\"ListItem\",\"position\":1,\"name\":\"Dom\u016f\",\"item\":\"https:\\\/\\\/familyace.cz\\\/en\\\/\"},{\"@type\":\"ListItem\",\"position\":2,\"name\":\"SFDR information\"}]},{\"@type\":\"WebSite\",\"@id\":\"https:\\\/\\\/familyace.cz\\\/en\\\/#website\",\"url\":\"https:\\\/\\\/familyace.cz\\\/en\\\/\",\"name\":\"Family Ace - Investi\u010dn\u00ed spole\u010dnost\",\"description\":\"\",\"potentialAction\":[{\"@type\":\"SearchAction\",\"target\":{\"@type\":\"EntryPoint\",\"urlTemplate\":\"https:\\\/\\\/familyace.cz\\\/en\\\/?s={search_term_string}\"},\"query-input\":{\"@type\":\"PropertyValueSpecification\",\"valueRequired\":true,\"valueName\":\"search_term_string\"}}],\"inLanguage\":\"en-US\"}]}<\/script>\n<!-- \/ Yoast SEO plugin. -->","yoast_head_json":{"title":"SFDR information - Family Ace - Investi\u010dn\u00ed spole\u010dnost","robots":{"index":"index","follow":"follow","max-snippet":"max-snippet:-1","max-image-preview":"max-image-preview:large","max-video-preview":"max-video-preview:-1"},"canonical":"https:\/\/familyace.cz\/en\/sfdr-information\/","og_locale":"en_US","og_type":"article","og_title":"SFDR information - Family Ace - Investi\u010dn\u00ed spole\u010dnost","og_description":"Sustainability risk policy Explanation of terms ESG risks Environmental, social and governance Sustainability factors Environmental, social and employment issues, respect ...","og_url":"https:\/\/familyace.cz\/en\/sfdr-information\/","og_site_name":"Family Ace - Investi\u010dn\u00ed spole\u010dnost","article_modified_time":"2026-05-06T11:39:40+00:00","og_image":[{"width":360,"height":155,"url":"https:\/\/familyace.cz\/wp-content\/uploads\/2022\/06\/group-2706.png","type":"image\/png"}],"twitter_card":"summary_large_image","twitter_misc":{"Est. reading time":"6 minutes"},"schema":{"@context":"https:\/\/schema.org","@graph":[{"@type":"WebPage","@id":"https:\/\/familyace.cz\/en\/sfdr-information\/","url":"https:\/\/familyace.cz\/en\/sfdr-information\/","name":"SFDR information - Family Ace - Investi\u010dn\u00ed spole\u010dnost","isPartOf":{"@id":"https:\/\/familyace.cz\/en\/#website"},"primaryImageOfPage":{"@id":"https:\/\/familyace.cz\/en\/sfdr-information\/#primaryimage"},"image":{"@id":"https:\/\/familyace.cz\/en\/sfdr-information\/#primaryimage"},"thumbnailUrl":"https:\/\/familyace.cz\/wp-content\/uploads\/2022\/06\/group-2706.png","datePublished":"2025-04-30T08:26:16+00:00","dateModified":"2026-05-06T11:39:40+00:00","breadcrumb":{"@id":"https:\/\/familyace.cz\/en\/sfdr-information\/#breadcrumb"},"inLanguage":"en-US","potentialAction":[{"@type":"ReadAction","target":["https:\/\/familyace.cz\/en\/sfdr-information\/"]}]},{"@type":"ImageObject","inLanguage":"en-US","@id":"https:\/\/familyace.cz\/en\/sfdr-information\/#primaryimage","url":"https:\/\/familyace.cz\/wp-content\/uploads\/2022\/06\/group-2706.png","contentUrl":"https:\/\/familyace.cz\/wp-content\/uploads\/2022\/06\/group-2706.png"},{"@type":"BreadcrumbList","@id":"https:\/\/familyace.cz\/en\/sfdr-information\/#breadcrumb","itemListElement":[{"@type":"ListItem","position":1,"name":"Dom\u016f","item":"https:\/\/familyace.cz\/en\/"},{"@type":"ListItem","position":2,"name":"SFDR information"}]},{"@type":"WebSite","@id":"https:\/\/familyace.cz\/en\/#website","url":"https:\/\/familyace.cz\/en\/","name":"Family Ace - Investi\u010dn\u00ed spole\u010dnost","description":"","potentialAction":[{"@type":"SearchAction","target":{"@type":"EntryPoint","urlTemplate":"https:\/\/familyace.cz\/en\/?s={search_term_string}"},"query-input":{"@type":"PropertyValueSpecification","valueRequired":true,"valueName":"search_term_string"}}],"inLanguage":"en-US"}]}},"_links":{"self":[{"href":"https:\/\/familyace.cz\/en\/wp-json\/wp\/v2\/pages\/1888","targetHints":{"allow":["GET"]}}],"collection":[{"href":"https:\/\/familyace.cz\/en\/wp-json\/wp\/v2\/pages"}],"about":[{"href":"https:\/\/familyace.cz\/en\/wp-json\/wp\/v2\/types\/page"}],"author":[{"embeddable":true,"href":"https:\/\/familyace.cz\/en\/wp-json\/wp\/v2\/users\/5"}],"replies":[{"embeddable":true,"href":"https:\/\/familyace.cz\/en\/wp-json\/wp\/v2\/comments?post=1888"}],"version-history":[{"count":1,"href":"https:\/\/familyace.cz\/en\/wp-json\/wp\/v2\/pages\/1888\/revisions"}],"predecessor-version":[{"id":1889,"href":"https:\/\/familyace.cz\/en\/wp-json\/wp\/v2\/pages\/1888\/revisions\/1889"}],"wp:attachment":[{"href":"https:\/\/familyace.cz\/en\/wp-json\/wp\/v2\/media?parent=1888"}],"curies":[{"name":"wp","href":"https:\/\/api.w.org\/{rel}","templated":true}]}}